{"id":156,"date":"2023-10-18T06:10:37","date_gmt":"2023-10-18T06:10:37","guid":{"rendered":"https:\/\/kubet8877.com\/?page_id=156"},"modified":"2023-10-19T02:00:55","modified_gmt":"2023-10-19T02:00:55","slug":"live","status":"publish","type":"page","link":"https:\/\/kubet8877.com\/en\/live\/","title":{"rendered":"LIVE CASINO"},"content":{"rendered":"<div data-elementor-type=\"wp-page\" data-elementor-id=\"156\" class=\"elementor elementor-156\" data-elementor-post-type=\"page\">\n\t\t\t\t<div class=\"elementor-element elementor-element-0f2c262 e-con-full elementor-hidden-mobile e-flex e-con e-parent\" data-id=\"0f2c262\" data-element_type=\"container\">\n\t\t\t\t<div class=\"elementor-element elementor-element-732ca3f elementor-widget elementor-widget-image\" data-id=\"732ca3f\" data-element_type=\"widget\" data-widget_type=\"image.default\">\n\t\t\t\t<div class=\"elementor-widget-container\">\n\t\t\t\t\t\t\t\t\t\t\t\t\t\t\t<img fetchpriority=\"high\" decoding=\"async\" width=\"1920\" height=\"450\" src=\"https:\/\/kubet8877.com\/wp-content\/uploads\/2023\/10\/10011.jpg\" class=\"attachment-full size-full wp-image-17\" alt=\"KUBET-\ufeff\ufeffHot dealer tri\u1ec7u view \u0111a qu\u1ed1c gia\" srcset=\"https:\/\/kubet8877.com\/wp-content\/uploads\/2023\/10\/10011.jpg 1920w, https:\/\/kubet8877.com\/wp-content\/uploads\/2023\/10\/10011-300x70.jpg 300w, https:\/\/kubet8877.com\/wp-content\/uploads\/2023\/10\/10011-1024x240.jpg 1024w, https:\/\/kubet8877.com\/wp-content\/uploads\/2023\/10\/10011-768x180.jpg 768w, https:\/\/kubet8877.com\/wp-content\/uploads\/2023\/10\/10011-1536x360.jpg 1536w\" sizes=\"(max-width: 1920px) 100vw, 1920px\" \/>\t\t\t\t\t\t\t\t\t\t\t\t\t\t\t<\/div>\n\t\t\t\t<\/div>\n\t\t\t\t<\/div>\n\t\t<div class=\"elementor-element elementor-element-b2a3f19 elementor-hidden-desktop elementor-hidden-tablet e-flex e-con-boxed e-con e-parent\" data-id=\"b2a3f19\" data-element_type=\"container\" data-settings=\"{&quot;background_background&quot;:&quot;classic&quot;}\">\n\t\t\t\t\t<div class=\"e-con-inner\">\n\t\t\t\t\t<\/div>\n\t\t\t\t<\/div>\n\t\t<div class=\"elementor-element elementor-element-dbd8ec0 e-flex e-con-boxed e-con e-parent\" data-id=\"dbd8ec0\" data-element_type=\"container\" data-settings=\"{&quot;background_background&quot;:&quot;classic&quot;}\">\n\t\t\t\t\t<div class=\"e-con-inner\">\n\t\t\t\t<div class=\"elementor-element elementor-element-2a8f90a elementor-widget elementor-widget-spacer\" data-id=\"2a8f90a\" data-element_type=\"widget\" data-widget_type=\"spacer.default\">\n\t\t\t\t<div class=\"elementor-widget-container\">\n\t\t\t\t\t\t\t<div class=\"elementor-spacer\">\n\t\t\t<div class=\"elementor-spacer-inner\"><\/div>\n\t\t<\/div>\n\t\t\t\t\t\t<\/div>\n\t\t\t\t<\/div>\n\t\t\t\t<div class=\"elementor-element elementor-element-6dabe13 elementor-widget elementor-widget-heading\" data-id=\"6dabe13\" data-element_type=\"widget\" data-widget_type=\"heading.default\">\n\t\t\t\t<div class=\"elementor-widget-container\">\n\t\t\t\t\t<h1 class=\"elementor-heading-title elementor-size-default\">KUBET LIVE CASINO<\/h1>\t\t\t\t<\/div>\n\t\t\t\t<\/div>\n\t\t<div class=\"elementor-element elementor-element-5f79943 elementor-hidden-desktop elementor-hidden-tablet e-flex e-con-boxed e-con e-child\" data-id=\"5f79943\" data-element_type=\"container\">\n\t\t\t\t\t<div class=\"e-con-inner\">\n\t\t\t\t<div class=\"elementor-element elementor-element-367ca00 elementor-widget elementor-widget-image\" data-id=\"367ca00\" data-element_type=\"widget\" data-widget_type=\"image.default\">\n\t\t\t\t<div class=\"elementor-widget-container\">\n\t\t\t\t\t\t\t\t\t\t\t\t<figure class=\"wp-caption\">\n\t\t\t\t\t\t\t\t\t\t<img decoding=\"async\" width=\"400\" height=\"400\" src=\"https:\/\/kubet8877.com\/wp-content\/uploads\/2023\/10\/5b1c8dd00f919d325d0f023edda95ce377b7f3732c6e6-KB6aNg_fw658webp.webp\" class=\"elementor-animation-grow attachment-large size-large wp-image-165\" alt=\"KU LIVE\" srcset=\"https:\/\/kubet8877.com\/wp-content\/uploads\/2023\/10\/5b1c8dd00f919d325d0f023edda95ce377b7f3732c6e6-KB6aNg_fw658webp.webp 400w, https:\/\/kubet8877.com\/wp-content\/uploads\/2023\/10\/5b1c8dd00f919d325d0f023edda95ce377b7f3732c6e6-KB6aNg_fw658webp-300x300.webp 300w, https:\/\/kubet8877.com\/wp-content\/uploads\/2023\/10\/5b1c8dd00f919d325d0f023edda95ce377b7f3732c6e6-KB6aNg_fw658webp-150x150.webp 150w\" sizes=\"(max-width: 400px) 100vw, 400px\" \/>\t\t\t\t\t\t\t\t\t\t\t<figcaption class=\"widget-image-caption wp-caption-text\">KU LIVE<\/figcaption>\n\t\t\t\t\t\t\t\t\t\t<\/figure>\n\t\t\t\t\t\t\t\t\t<\/div>\n\t\t\t\t<\/div>\n\t\t\t\t<div class=\"elementor-element elementor-element-c51b735 elementor-widget elementor-widget-image\" data-id=\"c51b735\" data-element_type=\"widget\" data-widget_type=\"image.default\">\n\t\t\t\t<div class=\"elementor-widget-container\">\n\t\t\t\t\t\t\t\t\t\t\t\t<figure class=\"wp-caption\">\n\t\t\t\t\t\t\t\t\t\t<img decoding=\"async\" width=\"483\" height=\"521\" src=\"https:\/\/kubet8877.com\/wp-content\/uploads\/2023\/10\/24460f7773150ce0ea6ea97992da882a50d246431292e-7XHoql_fw658webp.webp\" class=\"elementor-animation-grow attachment-large size-large wp-image-164\" alt=\"WM LIVE\" srcset=\"https:\/\/kubet8877.com\/wp-content\/uploads\/2023\/10\/24460f7773150ce0ea6ea97992da882a50d246431292e-7XHoql_fw658webp.webp 483w, https:\/\/kubet8877.com\/wp-content\/uploads\/2023\/10\/24460f7773150ce0ea6ea97992da882a50d246431292e-7XHoql_fw658webp-278x300.webp 278w\" sizes=\"(max-width: 483px) 100vw, 483px\" \/>\t\t\t\t\t\t\t\t\t\t\t<figcaption class=\"widget-image-caption wp-caption-text\">WM LIVE<\/figcaption>\n\t\t\t\t\t\t\t\t\t\t<\/figure>\n\t\t\t\t\t\t\t\t\t<\/div>\n\t\t\t\t<\/div>\n\t\t\t\t\t<\/div>\n\t\t\t\t<\/div>\n\t\t<div class=\"elementor-element elementor-element-195d4fd elementor-hidden-desktop elementor-hidden-tablet e-flex e-con-boxed e-con e-child\" data-id=\"195d4fd\" data-element_type=\"container\">\n\t\t\t\t\t<div class=\"e-con-inner\">\n\t\t\t\t<div class=\"elementor-element elementor-element-27de87f elementor-widget elementor-widget-image\" data-id=\"27de87f\" data-element_type=\"widget\" data-widget_type=\"image.default\">\n\t\t\t\t<div class=\"elementor-widget-container\">\n\t\t\t\t\t\t\t\t\t\t\t\t<figure class=\"wp-caption\">\n\t\t\t\t\t\t\t\t\t\t<img loading=\"lazy\" decoding=\"async\" width=\"658\" height=\"987\" src=\"https:\/\/kubet8877.com\/wp-content\/uploads\/2023\/10\/8bff6545226236bbac2b9deff9521e4f804c101f197004-CGq9k7_fw658webp.webp\" class=\"elementor-animation-grow attachment-large size-large wp-image-163\" alt=\"AES LIVE\" srcset=\"https:\/\/kubet8877.com\/wp-content\/uploads\/2023\/10\/8bff6545226236bbac2b9deff9521e4f804c101f197004-CGq9k7_fw658webp.webp 658w, https:\/\/kubet8877.com\/wp-content\/uploads\/2023\/10\/8bff6545226236bbac2b9deff9521e4f804c101f197004-CGq9k7_fw658webp-200x300.webp 200w\" sizes=\"(max-width: 658px) 100vw, 658px\" \/>\t\t\t\t\t\t\t\t\t\t\t<figcaption class=\"widget-image-caption wp-caption-text\">AES LIVE<\/figcaption>\n\t\t\t\t\t\t\t\t\t\t<\/figure>\n\t\t\t\t\t\t\t\t\t<\/div>\n\t\t\t\t<\/div>\n\t\t\t\t<div class=\"elementor-element elementor-element-b392ad1 elementor-widget elementor-widget-image\" data-id=\"b392ad1\" data-element_type=\"widget\" data-widget_type=\"image.default\">\n\t\t\t\t<div class=\"elementor-widget-container\">\n\t\t\t\t\t\t\t\t\t\t\t\t<figure class=\"wp-caption\">\n\t\t\t\t\t\t\t\t\t\t<img loading=\"lazy\" decoding=\"async\" width=\"255\" height=\"533\" src=\"https:\/\/kubet8877.com\/wp-content\/uploads\/2023\/10\/d1abfb0132c2f88a208edeb5304e43b74a3ff50d30d32-CawcPC_fw658webp.webp\" class=\"elementor-animation-grow attachment-large size-large wp-image-166\" alt=\"SA LIVE\" srcset=\"https:\/\/kubet8877.com\/wp-content\/uploads\/2023\/10\/d1abfb0132c2f88a208edeb5304e43b74a3ff50d30d32-CawcPC_fw658webp.webp 255w, https:\/\/kubet8877.com\/wp-content\/uploads\/2023\/10\/d1abfb0132c2f88a208edeb5304e43b74a3ff50d30d32-CawcPC_fw658webp-144x300.webp 144w\" sizes=\"(max-width: 255px) 100vw, 255px\" \/>\t\t\t\t\t\t\t\t\t\t\t<figcaption class=\"widget-image-caption wp-caption-text\">SA LIVE<\/figcaption>\n\t\t\t\t\t\t\t\t\t\t<\/figure>\n\t\t\t\t\t\t\t\t\t<\/div>\n\t\t\t\t<\/div>\n\t\t\t\t\t<\/div>\n\t\t\t\t<\/div>\n\t\t<div class=\"elementor-element elementor-element-5943639 elementor-hidden-mobile e-flex e-con-boxed e-con e-child\" data-id=\"5943639\" data-element_type=\"container\">\n\t\t\t\t\t<div class=\"e-con-inner\">\n\t\t\t\t<div class=\"elementor-element elementor-element-7c43912 elementor-widget elementor-widget-image\" data-id=\"7c43912\" data-element_type=\"widget\" data-widget_type=\"image.default\">\n\t\t\t\t<div class=\"elementor-widget-container\">\n\t\t\t\t\t\t\t\t\t\t\t\t<figure class=\"wp-caption\">\n\t\t\t\t\t\t\t\t\t\t<img decoding=\"async\" width=\"400\" height=\"400\" src=\"https:\/\/kubet8877.com\/wp-content\/uploads\/2023\/10\/5b1c8dd00f919d325d0f023edda95ce377b7f3732c6e6-KB6aNg_fw658webp.webp\" class=\"elementor-animation-grow attachment-large size-large wp-image-165\" alt=\"KU LIVE\" srcset=\"https:\/\/kubet8877.com\/wp-content\/uploads\/2023\/10\/5b1c8dd00f919d325d0f023edda95ce377b7f3732c6e6-KB6aNg_fw658webp.webp 400w, https:\/\/kubet8877.com\/wp-content\/uploads\/2023\/10\/5b1c8dd00f919d325d0f023edda95ce377b7f3732c6e6-KB6aNg_fw658webp-300x300.webp 300w, https:\/\/kubet8877.com\/wp-content\/uploads\/2023\/10\/5b1c8dd00f919d325d0f023edda95ce377b7f3732c6e6-KB6aNg_fw658webp-150x150.webp 150w\" sizes=\"(max-width: 400px) 100vw, 400px\" \/>\t\t\t\t\t\t\t\t\t\t\t<figcaption class=\"widget-image-caption wp-caption-text\">KU LIVE<\/figcaption>\n\t\t\t\t\t\t\t\t\t\t<\/figure>\n\t\t\t\t\t\t\t\t\t<\/div>\n\t\t\t\t<\/div>\n\t\t\t\t<div class=\"elementor-element elementor-element-ff8db1b elementor-widget elementor-widget-image\" data-id=\"ff8db1b\" data-element_type=\"widget\" data-widget_type=\"image.default\">\n\t\t\t\t<div class=\"elementor-widget-container\">\n\t\t\t\t\t\t\t\t\t\t\t\t<figure class=\"wp-caption\">\n\t\t\t\t\t\t\t\t\t\t<img decoding=\"async\" width=\"483\" height=\"521\" src=\"https:\/\/kubet8877.com\/wp-content\/uploads\/2023\/10\/24460f7773150ce0ea6ea97992da882a50d246431292e-7XHoql_fw658webp.webp\" class=\"elementor-animation-grow attachment-large size-large wp-image-164\" alt=\"WM LIVE\" srcset=\"https:\/\/kubet8877.com\/wp-content\/uploads\/2023\/10\/24460f7773150ce0ea6ea97992da882a50d246431292e-7XHoql_fw658webp.webp 483w, https:\/\/kubet8877.com\/wp-content\/uploads\/2023\/10\/24460f7773150ce0ea6ea97992da882a50d246431292e-7XHoql_fw658webp-278x300.webp 278w\" sizes=\"(max-width: 483px) 100vw, 483px\" \/>\t\t\t\t\t\t\t\t\t\t\t<figcaption class=\"widget-image-caption wp-caption-text\">WM LIVE<\/figcaption>\n\t\t\t\t\t\t\t\t\t\t<\/figure>\n\t\t\t\t\t\t\t\t\t<\/div>\n\t\t\t\t<\/div>\n\t\t\t\t<div class=\"elementor-element elementor-element-8224fc0 elementor-widget elementor-widget-image\" data-id=\"8224fc0\" data-element_type=\"widget\" data-widget_type=\"image.default\">\n\t\t\t\t<div class=\"elementor-widget-container\">\n\t\t\t\t\t\t\t\t\t\t\t\t<figure class=\"wp-caption\">\n\t\t\t\t\t\t\t\t\t\t<img loading=\"lazy\" decoding=\"async\" width=\"658\" height=\"987\" src=\"https:\/\/kubet8877.com\/wp-content\/uploads\/2023\/10\/8bff6545226236bbac2b9deff9521e4f804c101f197004-CGq9k7_fw658webp.webp\" class=\"elementor-animation-grow attachment-large size-large wp-image-163\" alt=\"AES LIVE\" srcset=\"https:\/\/kubet8877.com\/wp-content\/uploads\/2023\/10\/8bff6545226236bbac2b9deff9521e4f804c101f197004-CGq9k7_fw658webp.webp 658w, https:\/\/kubet8877.com\/wp-content\/uploads\/2023\/10\/8bff6545226236bbac2b9deff9521e4f804c101f197004-CGq9k7_fw658webp-200x300.webp 200w\" sizes=\"(max-width: 658px) 100vw, 658px\" \/>\t\t\t\t\t\t\t\t\t\t\t<figcaption class=\"widget-image-caption wp-caption-text\">AES LIVE<\/figcaption>\n\t\t\t\t\t\t\t\t\t\t<\/figure>\n\t\t\t\t\t\t\t\t\t<\/div>\n\t\t\t\t<\/div>\n\t\t\t\t<div class=\"elementor-element elementor-element-2c3770a elementor-widget elementor-widget-image\" data-id=\"2c3770a\" data-element_type=\"widget\" data-widget_type=\"image.default\">\n\t\t\t\t<div class=\"elementor-widget-container\">\n\t\t\t\t\t\t\t\t\t\t\t\t<figure class=\"wp-caption\">\n\t\t\t\t\t\t\t\t\t\t<img loading=\"lazy\" decoding=\"async\" width=\"255\" height=\"533\" src=\"https:\/\/kubet8877.com\/wp-content\/uploads\/2023\/10\/d1abfb0132c2f88a208edeb5304e43b74a3ff50d30d32-CawcPC_fw658webp.webp\" class=\"elementor-animation-grow attachment-large size-large wp-image-166\" alt=\"SA LIVE\" srcset=\"https:\/\/kubet8877.com\/wp-content\/uploads\/2023\/10\/d1abfb0132c2f88a208edeb5304e43b74a3ff50d30d32-CawcPC_fw658webp.webp 255w, https:\/\/kubet8877.com\/wp-content\/uploads\/2023\/10\/d1abfb0132c2f88a208edeb5304e43b74a3ff50d30d32-CawcPC_fw658webp-144x300.webp 144w\" sizes=\"(max-width: 255px) 100vw, 255px\" \/>\t\t\t\t\t\t\t\t\t\t\t<figcaption class=\"widget-image-caption wp-caption-text\">SA LIVE<\/figcaption>\n\t\t\t\t\t\t\t\t\t\t<\/figure>\n\t\t\t\t\t\t\t\t\t<\/div>\n\t\t\t\t<\/div>\n\t\t\t\t\t<\/div>\n\t\t\t\t<\/div>\n\t\t\t\t<div class=\"elementor-element elementor-element-657f039 elementor-widget elementor-widget-spacer\" data-id=\"657f039\" data-element_type=\"widget\" data-widget_type=\"spacer.default\">\n\t\t\t\t<div class=\"elementor-widget-container\">\n\t\t\t\t\t\t\t<div class=\"elementor-spacer\">\n\t\t\t<div class=\"elementor-spacer-inner\"><\/div>\n\t\t<\/div>\n\t\t\t\t\t\t<\/div>\n\t\t\t\t<\/div>\n\t\t\t\t\t<\/div>\n\t\t\t\t<\/div>\n\t\t<div class=\"elementor-element elementor-element-d829994 e-flex e-con-boxed e-con e-parent\" data-id=\"d829994\" data-element_type=\"container\" data-settings=\"{&quot;background_background&quot;:&quot;classic&quot;}\">\n\t\t\t\t\t<div class=\"e-con-inner\">\n\t\t<div class=\"elementor-element elementor-element-483b4d5 e-con-full e-flex e-con e-child\" data-id=\"483b4d5\" data-element_type=\"container\">\n\t\t\t\t<div class=\"elementor-element elementor-element-3a6ddb5 elementor-widget elementor-widget-heading\" data-id=\"3a6ddb5\" data-element_type=\"widget\" data-widget_type=\"heading.default\">\n\t\t\t\t<div class=\"elementor-widget-container\">\n\t\t\t\t\t<h2 class=\"elementor-heading-title elementor-size-default\">KUBET\uff0dLIVE CASINO<\/h2>\t\t\t\t<\/div>\n\t\t\t\t<\/div>\n\t\t\t\t<div class=\"elementor-element elementor-element-50b8944 elementor-widget elementor-widget-text-editor\" data-id=\"50b8944\" data-element_type=\"widget\" data-widget_type=\"text-editor.default\">\n\t\t\t\t<div class=\"elementor-widget-container\">\n\t\t\t\t\t\t\t\t\t<p>Casino live l\u00e0 m\u1ed9t tr\u1ea3i nghi\u1ec7m th\u00fa v\u1ecb v\u00e0 h\u1ea5p d\u1eabn t\u1ea1i nh\u00e0 c\u00e1i Kubet. B\u1ea1n s\u1ebd \u0111\u01b0\u1ee3c tham gia v\u00e0o c\u00e1c tr\u00f2 ch\u01a1i b\u00e0i c\u1ed5 \u0111i\u1ec3n nh\u01b0 baccarat, blackjack, roulette v\u1edbi s\u1ef1 h\u01b0\u1edbng d\u1eabn c\u1ee7a c\u00e1c MC xinh \u0111\u1eb9p v\u00e0 nhi\u1ec7t t\u00ecnh. B\u1ea1n c\u0169ng c\u00f3 th\u1ec3 giao ti\u1ebfp v\u1edbi Dealer &#8211; ng\u01b0\u1eddi ch\u1ecbu tr\u00e1ch nhi\u1ec7m chia b\u00e0i v\u00e0 qu\u1ea3n l\u00fd v\u00e1n ch\u01a1i m\u1ed9t c\u00e1ch c\u00f4ng b\u1eb1ng v\u00e0 minh b\u1ea1ch. H\u00e3y \u0111\u1ebfn v\u1edbi Casino live c\u1ee7a Kubet \u0111\u1ec3 c\u1ea3m nh\u1eadn s\u1ef1 kh\u00e1c bi\u1ec7t v\u00e0 th\u0103ng hoa.<\/p>\t\t\t\t\t\t\t\t<\/div>\n\t\t\t\t<\/div>\n\t\t\t\t<div class=\"elementor-element elementor-element-92a9f8e elementor-mobile-align-center elementor-align-left elementor-widget elementor-widget-button\" data-id=\"92a9f8e\" data-element_type=\"widget\" data-widget_type=\"button.default\">\n\t\t\t\t<div class=\"elementor-widget-container\">\n\t\t\t\t\t\t\t\t\t<div class=\"elementor-button-wrapper\">\n\t\t\t\t\t<a class=\"elementor-button elementor-size-sm elementor-animation-grow\" role=\"button\">\n\t\t\t\t\t\t<span class=\"elementor-button-content-wrapper\">\n\t\t\t\t\t\t\t\t\t<span class=\"elementor-button-text\">SIGN UP<\/span>\n\t\t\t\t\t<\/span>\n\t\t\t\t\t<\/a>\n\t\t\t\t<\/div>\n\t\t\t\t\t\t\t\t<\/div>\n\t\t\t\t<\/div>\n\t\t\t\t<\/div>\n\t\t<div class=\"elementor-element elementor-element-f49b8f3 e-con-full e-flex e-con e-child\" data-id=\"f49b8f3\" data-element_type=\"container\">\n\t\t\t\t<div class=\"elementor-element elementor-element-5a4423f elementor-widget elementor-widget-image\" data-id=\"5a4423f\" data-element_type=\"widget\" data-widget_type=\"image.default\">\n\t\t\t\t<div class=\"elementor-widget-container\">\n\t\t\t\t\t\t\t\t\t\t\t\t\t\t\t<img loading=\"lazy\" decoding=\"async\" width=\"658\" height=\"705\" src=\"https:\/\/kubet8877.com\/wp-content\/uploads\/2023\/10\/df8490b2dd39eeef7936aae4265552e6688aa8265e1da-9zKYma_fw658webp.webp\" class=\"attachment-large size-large wp-image-56\" alt=\"KUBET-Live casino\" srcset=\"https:\/\/kubet8877.com\/wp-content\/uploads\/2023\/10\/df8490b2dd39eeef7936aae4265552e6688aa8265e1da-9zKYma_fw658webp.webp 658w, https:\/\/kubet8877.com\/wp-content\/uploads\/2023\/10\/df8490b2dd39eeef7936aae4265552e6688aa8265e1da-9zKYma_fw658webp-280x300.webp 280w\" sizes=\"(max-width: 658px) 100vw, 658px\" \/>\t\t\t\t\t\t\t\t\t\t\t\t\t\t\t<\/div>\n\t\t\t\t<\/div>\n\t\t\t\t<\/div>\n\t\t\t\t\t<\/div>\n\t\t\t\t<\/div>\n\t\t<div class=\"elementor-element elementor-element-864e3dd e-flex e-con-boxed e-con e-parent\" data-id=\"864e3dd\" data-element_type=\"container\" data-settings=\"{&quot;background_background&quot;:&quot;classic&quot;}\">\n\t\t\t\t\t<div class=\"e-con-inner\">\n\t\t\t\t<div class=\"elementor-element elementor-element-b4235b9 elementor-widget elementor-widget-spacer\" data-id=\"b4235b9\" data-element_type=\"widget\" data-widget_type=\"spacer.default\">\n\t\t\t\t<div class=\"elementor-widget-container\">\n\t\t\t\t\t\t\t<div class=\"elementor-spacer\">\n\t\t\t<div class=\"elementor-spacer-inner\"><\/div>\n\t\t<\/div>\n\t\t\t\t\t\t<\/div>\n\t\t\t\t<\/div>\n\t\t<div class=\"elementor-element elementor-element-79b9289 e-con-full e-flex e-con e-child\" data-id=\"79b9289\" data-element_type=\"container\" data-settings=\"{&quot;background_background&quot;:&quot;classic&quot;}\">\n\t\t\t\t<div class=\"elementor-element elementor-element-00d1539 elementor-widget elementor-widget-heading\" data-id=\"00d1539\" data-element_type=\"widget\" data-widget_type=\"heading.default\">\n\t\t\t\t<div class=\"elementor-widget-container\">\n\t\t\t\t\t<h2 class=\"elementor-heading-title elementor-size-default\">KUBET's Newest Promotions<\/h2>\t\t\t\t<\/div>\n\t\t\t\t<\/div>\n\t\t<div class=\"elementor-element elementor-element-787ed20 e-con-full e-flex e-con e-child\" data-id=\"787ed20\" data-element_type=\"container\">\n\t\t\t\t<div class=\"elementor-element elementor-element-6376003 elementor-widget elementor-widget-gallery\" data-id=\"6376003\" data-element_type=\"widget\" data-settings=\"{&quot;gallery_layout&quot;:&quot;masonry&quot;,&quot;columns&quot;:2,&quot;lazyload&quot;:&quot;yes&quot;,&quot;columns_tablet&quot;:2,&quot;columns_mobile&quot;:1,&quot;gap&quot;:{&quot;unit&quot;:&quot;px&quot;,&quot;size&quot;:10,&quot;sizes&quot;:[]},&quot;gap_tablet&quot;:{&quot;unit&quot;:&quot;px&quot;,&quot;size&quot;:10,&quot;sizes&quot;:[]},&quot;gap_mobile&quot;:{&quot;unit&quot;:&quot;px&quot;,&quot;size&quot;:10,&quot;sizes&quot;:[]},&quot;overlay_background&quot;:&quot;yes&quot;,&quot;content_hover_animation&quot;:&quot;fade-in&quot;}\" data-widget_type=\"gallery.default\">\n\t\t\t\t<div class=\"elementor-widget-container\">\n\t\t\t\t\t\t\t<div class=\"elementor-gallery__container\">\n\t\t\t\t\t\t\t<div class=\"e-gallery-item elementor-gallery-item elementor-animated-content\">\n\t\t\t\t\t<div class=\"e-gallery-image elementor-gallery-item__image\" data-thumbnail=\"https:\/\/kubet8877.com\/wp-content\/uploads\/2023\/10\/10006.jpg\" data-width=\"500\" data-height=\"192\" aria-label=\"KUBET-T\u1ed5ng l\u01b0\u1ee3ng c\u01b0\u1ee3c h\u1ee3p l\u1ec7 7 ng\u00e0y trong tu\u1ea7n \u0111\u1ea1t t\u1eeb 1000 \u0111i\u1ec3m tr\u1edf l\u00ean, \u0111\u1ea1t \u0111i\u1ec1u ki\u1ec7n \u0111\u1eb7t c\u01b0\u1ee3c th\u00ec s\u1ebd nh\u1eadn \u0111\u01b0\u1ee3c ti\u1ec1n ho\u00e0n tr\u1ea3 t\u01b0\u01a1ng \u1ee9ng, \u0111\u1eb7t c\u01b0\u1ee3c c\u00e0ng nhi\u1ec1u nh\u1eadn ho\u00e0n tr\u1ea3 c\u00e0ng cao.\" role=\"img\" ><\/div>\n\t\t\t\t\t\t\t\t\t\t\t<div class=\"elementor-gallery-item__overlay\"><\/div>\n\t\t\t\t\t\t\t\t\t\t\t\t\t\t<\/div>\n\t\t\t\t\t\t\t<div class=\"e-gallery-item elementor-gallery-item elementor-animated-content\">\n\t\t\t\t\t<div class=\"e-gallery-image elementor-gallery-item__image\" data-thumbnail=\"https:\/\/kubet8877.com\/wp-content\/uploads\/2023\/10\/10002.jpg\" data-width=\"500\" data-height=\"192\" aria-label=\"KUBET-Khuy\u1ebfn m\u00e3i n\u1ea1p l\u1ea7n \u0111\u1ea7u 100%\" role=\"img\" ><\/div>\n\t\t\t\t\t\t\t\t\t\t\t<div class=\"elementor-gallery-item__overlay\"><\/div>\n\t\t\t\t\t\t\t\t\t\t\t\t\t\t<\/div>\n\t\t\t\t\t<\/div>\n\t\t\t\t\t<\/div>\n\t\t\t\t<\/div>\n\t\t\t\t<\/div>\n\t\t\t\t<\/div>\n\t\t\t\t<div class=\"elementor-element elementor-element-c783ddb elementor-align-center elementor-widget elementor-widget-button\" data-id=\"c783ddb\" data-element_type=\"widget\" data-widget_type=\"button.default\">\n\t\t\t\t<div class=\"elementor-widget-container\">\n\t\t\t\t\t\t\t\t\t<div class=\"elementor-button-wrapper\">\n\t\t\t\t\t<a class=\"elementor-button elementor-button-link elementor-size-sm elementor-animation-shrink\" href=\"https:\/\/kubet8877.com\/en\/promotion\/\">\n\t\t\t\t\t\t<span class=\"elementor-button-content-wrapper\">\n\t\t\t\t\t\t\t\t\t<span class=\"elementor-button-text\">VIEW ALL PROMOTIONS<\/span>\n\t\t\t\t\t<\/span>\n\t\t\t\t\t<\/a>\n\t\t\t\t<\/div>\n\t\t\t\t\t\t\t\t<\/div>\n\t\t\t\t<\/div>\n\t\t\t\t<div class=\"elementor-element elementor-element-d6917ae elementor-widget elementor-widget-spacer\" data-id=\"d6917ae\" data-element_type=\"widget\" data-widget_type=\"spacer.default\">\n\t\t\t\t<div class=\"elementor-widget-container\">\n\t\t\t\t\t\t\t<div class=\"elementor-spacer\">\n\t\t\t<div class=\"elementor-spacer-inner\"><\/div>\n\t\t<\/div>\n\t\t\t\t\t\t<\/div>\n\t\t\t\t<\/div>\n\t\t\t\t\t<\/div>\n\t\t\t\t<\/div>\n\t\t\t\t<\/div>","protected":false},"excerpt":{"rendered":"<p>Casino live l\u00e0 m\u1ed9t tr\u1ea3i nghi\u1ec7m th\u00fa v\u1ecb v\u00e0 h\u1ea5p d\u1eabn t\u1ea1i nh\u00e0 c\u00e1i Kubet. B\u1ea1n s\u1ebd \u0111\u01b0\u1ee3c tham gia v\u00e0o c\u00e1c tr\u00f2 ch\u01a1i b\u00e0i c\u1ed5 \u0111i\u1ec3n nh\u01b0 baccarat, blackjack, roulette v\u1edbi s\u1ef1 h\u01b0\u1edbng d\u1eabn c\u1ee7a c\u00e1c MC xinh \u0111\u1eb9p v\u00e0 nhi\u1ec7t t\u00ecnh.<\/p>","protected":false},"author":1,"featured_media":56,"parent":0,"menu_order":0,"comment_status":"closed","ping_status":"closed","template":"","meta":{"footnotes":""},"class_list":["post-156","page","type-page","status-publish","has-post-thumbnail","hentry"],"_links":{"self":[{"href":"https:\/\/kubet8877.com\/en\/wp-json\/wp\/v2\/pages\/156","targetHints":{"allow":["GET"]}}],"collection":[{"href":"https:\/\/kubet8877.com\/en\/wp-json\/wp\/v2\/pages"}],"about":[{"href":"https:\/\/kubet8877.com\/en\/wp-json\/wp\/v2\/types\/page"}],"author":[{"embeddable":true,"href":"https:\/\/kubet8877.com\/en\/wp-json\/wp\/v2\/users\/1"}],"replies":[{"embeddable":true,"href":"https:\/\/kubet8877.com\/en\/wp-json\/wp\/v2\/comments?post=156"}],"version-history":[{"count":37,"href":"https:\/\/kubet8877.com\/en\/wp-json\/wp\/v2\/pages\/156\/revisions"}],"predecessor-version":[{"id":368,"href":"https:\/\/kubet8877.com\/en\/wp-json\/wp\/v2\/pages\/156\/revisions\/368"}],"wp:featuredmedia":[{"embeddable":true,"href":"https:\/\/kubet8877.com\/en\/wp-json\/wp\/v2\/media\/56"}],"wp:attachment":[{"href":"https:\/\/kubet8877.com\/en\/wp-json\/wp\/v2\/media?parent=156"}],"curies":[{"name":"wp","href":"https:\/\/api.w.org\/{rel}","templated":true}]}}